{"id":5163,"date":"2019-04-24T06:35:23","date_gmt":"2019-04-24T06:35:23","guid":{"rendered":"http:\/\/demo.zozothemes.com\/miion\/portfolio-copy-2\/"},"modified":"2021-10-20T14:57:56","modified_gmt":"2021-10-20T14:57:56","slug":"contacto","status":"publish","type":"page","link":"https:\/\/aesprof.org\/index.php\/contacto\/","title":{"rendered":"Contacto"},"content":{"rendered":"\t\t<div data-elementor-type=\"wp-post\" data-elementor-id=\"5163\" class=\"elementor elementor-5163\" data-elementor-settings=\"[]\">\n\t\t\t\t\t\t\t<div class=\"elementor-section-wrap\">\n\t\t\t\t\t\t\t<section class=\"elementor-section elementor-top-section elementor-element elementor-element-a5f6ab8 elementor-section-boxed elementor-section-height-default elementor-section-height-default\" data-id=\"a5f6ab8\" data-element_type=\"section\">\n\t\t\t\t\t\t<div class=\"elementor-container elementor-column-gap-default\">\n\t\t\t\t\t<div class=\"elementor-column elementor-col-50 elementor-top-column elementor-element elementor-element-30dd9d8 pr-lg-4\" data-id=\"30dd9d8\" data-element_type=\"column\" data-settings=\"{&quot;background_background&quot;:&quot;classic&quot;}\">\n\t\t\t<div class=\"elementor-widget-wrap elementor-element-populated\">\n\t\t\t\t\t\t\t\t<div class=\"elementor-element elementor-element-37d0e77 elementor-widget elementor-widget-egovenzsectiontitle\" data-id=\"37d0e77\" data-element_type=\"widget\" data-widget_type=\"egovenzsectiontitle.default\">\n\t\t\t\t<div class=\"elementor-widget-container\">\n\t\t\t<div class=\"section-title-wrapper\"><div class=\"title-wrap\"><span class=\"sub-title\">Siempre en<\/span><h4 class=\"section-title\">Contacto<\/h4><span class=\"title-separator separator-border theme-color-bg\"><\/span><\/div><!-- .title-wrap --><div class=\"section-description\"><\/div><!-- .section-description --><\/div><!-- .section-title-wrapper -->\t\t<\/div>\n\t\t\t\t<\/div>\n\t\t\t\t<div class=\"elementor-element elementor-element-3949f49 elementor-widget elementor-widget-egovenzfeaturebox\" data-id=\"3949f49\" data-element_type=\"widget\" data-widget_type=\"egovenzfeaturebox.default\">\n\t\t\t\t<div class=\"elementor-widget-container feature-box-wrapper shortcode-rand-1 egovenz-inline-css\" data-css=\"&quot;.shortcode-rand-1.feature-box-wrapper .feature-box-inner &gt; *:nth-child(1), .shortcode-rand-1.feature-box-wrapper &gt; .media &gt; .media-body &gt; *:nth-child(1) { margin-bottom: 10px; }&quot;\">\r\n\t\t\t<div class=\"media\"><div class=\"media-icon-part\"><div class=\"feature-box-icon\"><span class=\"text-center icon-theme-color squared ti-location-pin\"><\/span><\/div><\/div><div class=\"media-body\"><div class=\"fbox-content\">C\/ Guill\u00e9n Tato 20, pl. 1 CP 03600 Elda, Alicante<\/div><\/div><!-- .media-body --><\/div><!-- .media -->\t\t<\/div>\r\n\t\t\t\t<\/div>\n\t\t\t\t<div class=\"elementor-element elementor-element-6296e3c elementor-widget elementor-widget-egovenzfeaturebox\" data-id=\"6296e3c\" data-element_type=\"widget\" data-widget_type=\"egovenzfeaturebox.default\">\n\t\t\t\t<div class=\"elementor-widget-container feature-box-wrapper shortcode-rand-2 egovenz-inline-css\" data-css=\"&quot;.shortcode-rand-2.feature-box-wrapper .feature-box-inner &gt; *:nth-child(1), .shortcode-rand-2.feature-box-wrapper &gt; .media &gt; .media-body &gt; *:nth-child(1) { margin-bottom: 10px; }&quot;\">\r\n\t\t\t<div class=\"media\"><div class=\"media-icon-part\"><div class=\"feature-box-icon\"><span class=\"text-center icon-theme-color squared ti-email\"><\/span><\/div><\/div><div class=\"media-body\"><div class=\"fbox-content\">contacto@aesprof.org\n\n<\/div><\/div><!-- .media-body --><\/div><!-- .media -->\t\t<\/div>\r\n\t\t\t\t<\/div>\n\t\t\t\t<div class=\"elementor-element elementor-element-80633c0 elementor-widget elementor-widget-egovenzfeaturebox\" data-id=\"80633c0\" data-element_type=\"widget\" data-widget_type=\"egovenzfeaturebox.default\">\n\t\t\t\t<div class=\"elementor-widget-container feature-box-wrapper shortcode-rand-3 egovenz-inline-css\" data-css=\"&quot;.shortcode-rand-3.feature-box-wrapper .feature-box-inner &gt; *:nth-child(1), .shortcode-rand-3.feature-box-wrapper &gt; .media &gt; .media-body &gt; *:nth-child(1) { margin-bottom: 10px; }&quot;\">\r\n\t\t\t<div class=\"media\"><div class=\"media-icon-part\"><div class=\"feature-box-icon\"><span class=\"text-center icon-theme-color squared ti-mobile\"><\/span><\/div><\/div><div class=\"media-body\"><div class=\"fbox-content\"><strong>(+34) 621 264 126<\/br>\n(+34) 683 426 534<\/strong><\/div><\/div><!-- .media-body --><\/div><!-- .media -->\t\t<\/div>\r\n\t\t\t\t<\/div>\n\t\t\t\t<div class=\"elementor-element elementor-element-b280309 elementor-widget elementor-widget-egovenzsociallinks\" data-id=\"b280309\" data-element_type=\"widget\" data-widget_type=\"egovenzsociallinks.default\">\n\t\t\t\t<div class=\"elementor-widget-container\">\n\t\t\t<div class=\"social-icons-wrapper\"><ul class=\"nav social-icons social-circled social-white social-h-white social-bg-own social-hbg-black\"><li>\r\n\t\t\t\t\t\t\t<a href=\"#\" class=\"nav-link social-fb\">\r\n\t\t\t\t\t\t\t\t<i class=\"ti-facebook\"><\/i>\r\n\t\t\t\t\t\t\t<\/a>\r\n\t\t\t\t\t\t<\/li><li>\r\n\t\t\t\t\t\t\t<a href=\"#\" class=\"nav-link social-instagram\">\r\n\t\t\t\t\t\t\t\t<i class=\"ti-instagram\"><\/i>\r\n\t\t\t\t\t\t\t<\/a>\r\n\t\t\t\t\t\t<\/li><\/ul><\/div><!-- .social-icons-wrapper -->\t\t<\/div>\n\t\t\t\t<\/div>\n\t\t\t\t\t<\/div>\n\t\t<\/div>\n\t\t\t\t<div class=\"elementor-column elementor-col-50 elementor-top-column elementor-element elementor-element-528ca38 pl-lg-5\" data-id=\"528ca38\" data-element_type=\"column\">\n\t\t\t<div class=\"elementor-widget-wrap elementor-element-populated\">\n\t\t\t\t\t\t\t\t<section class=\"elementor-section elementor-inner-section elementor-element elementor-element-8cac0f6 elementor-section-boxed elementor-section-height-default elementor-section-height-default\" data-id=\"8cac0f6\" data-element_type=\"section\">\n\t\t\t\t\t\t<div class=\"elementor-container elementor-column-gap-default\">\n\t\t\t\t\t<div class=\"elementor-column elementor-col-100 elementor-inner-column elementor-element elementor-element-1f0f68d\" data-id=\"1f0f68d\" data-element_type=\"column\">\n\t\t\t<div class=\"elementor-widget-wrap elementor-element-populated\">\n\t\t\t\t\t\t\t\t<div class=\"elementor-element elementor-element-69c7986 elementor-widget elementor-widget-egovenzsectiontitle\" data-id=\"69c7986\" data-element_type=\"widget\" data-widget_type=\"egovenzsectiontitle.default\">\n\t\t\t\t<div class=\"elementor-widget-container\">\n\t\t\t<div class=\"section-title-wrapper\"><div class=\"title-wrap\"><h1 class=\"section-title\">Env\u00edanos un mensaje directo<\/h1><\/div><!-- .title-wrap --><div class=\"section-description\"><\/div><!-- .section-description --><\/div><!-- .section-title-wrapper -->\t\t<\/div>\n\t\t\t\t<\/div>\n\t\t\t\t\t<\/div>\n\t\t<\/div>\n\t\t\t\t\t\t\t<\/div>\n\t\t<\/section>\n\t\t\t\t<div class=\"elementor-element elementor-element-d024f5e elementor-widget elementor-widget-contactform\" data-id=\"d024f5e\" data-element_type=\"widget\" data-widget_type=\"contactform.default\">\n\t\t\t\t<div class=\"elementor-widget-container\">\n\t\t\t<div class=\"contact-form-wrapper cf-classic-pro\"><div class=\"contact-form\"><div role=\"form\" class=\"wpcf7\" id=\"wpcf7-f10-o1\" lang=\"es-ES\" dir=\"ltr\">\n<div class=\"screen-reader-response\"><p role=\"status\" aria-live=\"polite\" aria-atomic=\"true\"><\/p> <ul><\/ul><\/div>\n<form action=\"\/index.php\/wp-json\/wp\/v2\/pages\/5163#wpcf7-f10-o1\" method=\"post\" class=\"wpcf7-form init\" novalidate=\"novalidate\" data-status=\"init\">\n<div style=\"display: none;\">\n<input type=\"hidden\" name=\"_wpcf7\" value=\"10\" \/>\n<input type=\"hidden\" name=\"_wpcf7_version\" value=\"5.5.6\" \/>\n<input type=\"hidden\" name=\"_wpcf7_locale\" value=\"es_ES\" \/>\n<input type=\"hidden\" name=\"_wpcf7_unit_tag\" value=\"wpcf7-f10-o1\" \/>\n<input type=\"hidden\" name=\"_wpcf7_container_post\" value=\"0\" \/>\n<input type=\"hidden\" name=\"_wpcf7_posted_data_hash\" value=\"\" \/>\n<\/div>\n<p><label> Tu nombre<br \/>\n    <span class=\"wpcf7-form-control-wrap your-name\"><input type=\"text\" name=\"your-name\" value=\"\" size=\"40\" class=\"wpcf7-form-control wpcf7-text wpcf7-validates-as-required\" aria-required=\"true\" aria-invalid=\"false\" \/><\/span> <\/label><\/p>\n<p><label> Tu correo electr\u00f3nico<br \/>\n    <span class=\"wpcf7-form-control-wrap your-email\"><input type=\"email\" name=\"your-email\" value=\"\" size=\"40\" class=\"wpcf7-form-control wpcf7-text wpcf7-email wpcf7-validates-as-required wpcf7-validates-as-email\" aria-required=\"true\" aria-invalid=\"false\" \/><\/span> <\/label><\/p>\n<p><label> Asunto<br \/>\n    <span class=\"wpcf7-form-control-wrap your-subject\"><input type=\"text\" name=\"your-subject\" value=\"\" size=\"40\" class=\"wpcf7-form-control wpcf7-text wpcf7-validates-as-required\" aria-required=\"true\" aria-invalid=\"false\" \/><\/span> <\/label><\/p>\n<p><label> Tu mensaje (opcional)<br \/>\n    <span class=\"wpcf7-form-control-wrap your-message\"><textarea name=\"your-message\" cols=\"40\" rows=\"10\" class=\"wpcf7-form-control wpcf7-textarea\" aria-invalid=\"false\"><\/textarea><\/span> <\/label><\/p>\n<p><input type=\"submit\" value=\"Enviar\" class=\"wpcf7-form-control has-spinner wpcf7-submit\" \/><\/p>\n<div class=\"wpcf7-response-output\" aria-hidden=\"true\"><\/div><\/form><\/div><\/div><!-- .contact-form --><\/div><!-- .contact-form-wrapper -->\t\t<\/div>\n\t\t\t\t<\/div>\n\t\t\t\t\t<\/div>\n\t\t<\/div>\n\t\t\t\t\t\t\t<\/div>\n\t\t<\/section>\n\t\t\t\t<section class=\"elementor-section elementor-top-section elementor-element elementor-element-a7e4efc elementor-section-content-middle elementor-section-stretched elementor-section-full_width elementor-section-height-default elementor-section-height-default\" data-id=\"a7e4efc\" data-element_type=\"section\" data-settings=\"{&quot;stretch_section&quot;:&quot;section-stretched&quot;}\">\n\t\t\t\t\t\t<div class=\"elementor-container elementor-column-gap-no\">\n\t\t\t\t\t<div class=\"elementor-column elementor-col-100 elementor-top-column elementor-element elementor-element-07ee805\" data-id=\"07ee805\" data-element_type=\"column\">\n\t\t\t<div class=\"elementor-widget-wrap elementor-element-populated\">\n\t\t\t\t\t\t\t\t<div class=\"elementor-element elementor-element-087110c elementor-widget elementor-widget-google_maps\" data-id=\"087110c\" data-element_type=\"widget\" data-widget_type=\"google_maps.default\">\n\t\t\t\t<div class=\"elementor-widget-container\">\n\t\t\t\t\t<div class=\"elementor-custom-embed\">\n\t\t\t<iframe frameborder=\"0\" scrolling=\"no\" marginheight=\"0\" marginwidth=\"0\"\n\t\t\t\t\tsrc=\"https:\/\/maps.google.com\/maps?q=Guill%C3%A9n%20Tato%2020%20CP%2003600%20Elda%2C%20Alicante&#038;t=m&#038;z=12&#038;output=embed&#038;iwloc=near\"\n\t\t\t\t\ttitle=\"Guill\u00e9n Tato 20 CP 03600 Elda, Alicante\"\n\t\t\t\t\taria-label=\"Guill\u00e9n Tato 20 CP 03600 Elda, Alicante\"\n\t\t\t><\/iframe>\n\t\t<\/div>\n\t\t\t\t<\/div>\n\t\t\t\t<\/div>\n\t\t\t\t\t<\/div>\n\t\t<\/div>\n\t\t\t\t\t\t\t<\/div>\n\t\t<\/section>\n\t\t\t\t\t\t<\/div>\n\t\t\t\t\t<\/div>\n\t\t","protected":false},"excerpt":{"rendered":"<p>Siempre en Contacto C\/ Guill\u00e9n Tato 20, pl. 1 CP 03600 Elda, Alicante contacto@aesprof.org (+34) 621 264 126 (+34) 683 426 534 Env\u00edanos un mensaje directo Tu nombre Tu correo electr\u00f3nico Asunto Tu mensaje (opcional)<\/p>\n","protected":false},"author":1,"featured_media":0,"parent":0,"menu_order":7,"comment_status":"closed","ping_status":"closed","template":"","meta":{"footnotes":""},"class_list":["post-5163","page","type-page","status-publish","hentry"],"_links":{"self":[{"href":"https:\/\/aesprof.org\/index.php\/wp-json\/wp\/v2\/pages\/5163","targetHints":{"allow":["GET"]}}],"collection":[{"href":"https:\/\/aesprof.org\/index.php\/wp-json\/wp\/v2\/pages"}],"about":[{"href":"https:\/\/aesprof.org\/index.php\/wp-json\/wp\/v2\/types\/page"}],"author":[{"embeddable":true,"href":"https:\/\/aesprof.org\/index.php\/wp-json\/wp\/v2\/users\/1"}],"replies":[{"embeddable":true,"href":"https:\/\/aesprof.org\/index.php\/wp-json\/wp\/v2\/comments?post=5163"}],"version-history":[{"count":47,"href":"https:\/\/aesprof.org\/index.php\/wp-json\/wp\/v2\/pages\/5163\/revisions"}],"predecessor-version":[{"id":16576,"href":"https:\/\/aesprof.org\/index.php\/wp-json\/wp\/v2\/pages\/5163\/revisions\/16576"}],"wp:attachment":[{"href":"https:\/\/aesprof.org\/index.php\/wp-json\/wp\/v2\/media?parent=5163"}],"curies":[{"name":"wp","href":"https:\/\/api.w.org\/{rel}","templated":true}]}}